{"id":36367,"date":"2023-11-09T01:33:56","date_gmt":"2023-11-09T04:33:56","guid":{"rendered":"https:\/\/renatagomesadvogados.com.br\/?page_id=36367"},"modified":"2023-11-09T02:12:24","modified_gmt":"2023-11-09T05:12:24","slug":"politica-de-direitos-dos-titulares-de-dados","status":"publish","type":"page","link":"https:\/\/renatagomesadvogados.com.br\/en\/politica-de-direitos-dos-titulares-de-dados\/","title":{"rendered":"Pol\u00edtica de Direitos dos Titulares de Dados"},"content":{"rendered":"<div data-elementor-type=\"wp-page\" data-elementor-id=\"36367\" class=\"elementor elementor-36367\">\n\t\t\t\t\t\t<div class=\"elementor-inner\">\n\t\t\t\t<div class=\"elementor-section-wrap\">\n\t\t\t\t\t\t\t\t\t<section class=\"elementor-section elementor-top-section elementor-element elementor-element-8277061 elementor-section-boxed elementor-section-height-default elementor-section-height-default\" data-id=\"8277061\" data-element_type=\"section\">\n\t\t\t\t\t\t<div class=\"elementor-container elementor-column-gap-default\">\n\t\t\t\t\t\t\t<div class=\"elementor-row\">\n\t\t\t\t\t<div class=\"elementor-column elementor-col-100 elementor-top-column elementor-element elementor-element-88e2d0d\" data-id=\"88e2d0d\" data-element_type=\"column\">\n\t\t\t<div class=\"elementor-column-wrap elementor-element-populated\">\n\t\t\t\t\t\t\t<div class=\"elementor-widget-wrap\">\n\t\t\t\t\t\t<div class=\"elementor-element elementor-element-51d4b90 elementor-widget elementor-widget-text-editor\" data-id=\"51d4b90\" data-element_type=\"widget\" data-widget_type=\"text-editor.default\">\n\t\t\t\t<div class=\"elementor-widget-container\">\n\t\t\t\t\t\t\t\t<div class=\"elementor-text-editor elementor-clearfix\">\n\t\t\t\t<p><!-- wp:heading --><\/p>\n<p class=\"MsoNormal\" style=\"margin-bottom: 0cm; text-align: justify; text-justify: inter-ideograph; line-height: 150%;\"><span style=\"font-family: 'Arial',sans-serif;\">Renata Gomes \u2013 Sociedade Individual de Advocacia, (\u201c<b>RENATA GOMES ADVOGADOS<\/b>\u201d) tem o compromisso de garantir a transpar\u00eancia nas informa\u00e7\u00f5es (\u201cDados Pessoais\u201d) que trata e, por esse motivo, disponibiliza aos usu\u00e1rios a presente Pol\u00edtica de Direitos do Titular de Dados Pessoais, que deve ser lida em conjunto com a sua Pol\u00edtica de Privacidade.<\/span><\/p>\n<p>\u00a0<\/p>\n<p class=\"MsoNormal\" style=\"margin-bottom: 0cm; text-align: justify; text-justify: inter-ideograph; line-height: 150%;\"><span style=\"font-family: 'Arial',sans-serif;\">A Lei 13.709\/2018 \u2013 Lei Geral de Prote\u00e7\u00e3o de Dados (\u201cLGPD\u201d) assegura ao titular de Dados Pessoais uma s\u00e9rie de garantias que permitem o controle e algumas prerrogativas sobre os seus Dados Pessoais. A seguir, disponibilizamos informa\u00e7\u00f5es sobre os seus Direitos e como voc\u00ea poder\u00e1 exerc\u00ea-los.<\/span><\/p>\n<p><!-- \/wp:paragraph --><\/p>\t\t\t\t\t<\/div>\n\t\t\t\t\t\t<\/div>\n\t\t\t\t<\/div>\n\t\t\t\t<div class=\"elementor-element elementor-element-e3404c8 elementor-widget elementor-widget-accordion\" data-id=\"e3404c8\" data-element_type=\"widget\" data-settings=\"{&quot;_animation&quot;:&quot;none&quot;}\" data-widget_type=\"accordion.default\">\n\t\t\t\t<div class=\"elementor-widget-container\">\n\t\t\t\t\t<div class=\"elementor-accordion\" role=\"tablist\">\n\t\t\t\t\t\t\t<div class=\"elementor-accordion-item\">\n\t\t\t\t\t<div id=\"elementor-tab-title-2381\" class=\"elementor-tab-title\" data-tab=\"1\" role=\"tab\" aria-controls=\"elementor-tab-content-2381\" aria-expanded=\"false\">\n\t\t\t\t\t\t\t\t\t\t\t\t\t<span class=\"elementor-accordion-icon elementor-accordion-icon-left\" aria-hidden=\"true\">\n\t\t\t\t\t\t\t\t\t\t\t\t\t\t\t<span class=\"elementor-accordion-icon-closed\"><i class=\"fas fa-plus\"><\/i><\/span>\n\t\t\t\t\t\t\t\t<span class=\"elementor-accordion-icon-opened\"><i class=\"fas fa-minus\"><\/i><\/span>\n\t\t\t\t\t\t\t\t\t\t\t\t\t\t<\/span>\n\t\t\t\t\t\t\t\t\t\t\t\t<a class=\"elementor-accordion-title\" href=\"\">1.\tCanal de contato para requisi\u00e7\u00f5es<\/a>\n\t\t\t\t\t<\/div>\n\t\t\t\t\t<div id=\"elementor-tab-content-2381\" class=\"elementor-tab-content elementor-clearfix\" data-tab=\"1\" role=\"tabpanel\" aria-labelledby=\"elementor-tab-title-2381\"><p><strong>RENATA GOMES ADVOGADOS<\/strong> conta com profissionais especializados e treinados para atender \u00e0s suas requisi\u00e7\u00f5es. Entre em contato atrav\u00e9s do e-mail <a href=\"mailto:lgpd@renatagomesadvogados.com.br\">lgpd@renatagomesadvogados.com.br<\/a>, informando qual dos direitos abaixo voc\u00ea gostaria de exercer.<\/p>\n<p>Ainda, disponibilizamos em nosso site <strong><u>Formul\u00e1rio de Requisi\u00e7\u00e3o de Direitos<\/u><\/strong>, o qual tem como objetivo permitir que o titular dos dados pessoais entre em contato com o escrit\u00f3rio <strong>RENATA GOMES ADVOGADOS<\/strong> para exercer os direitos previstos na Lei Geral de Prote\u00e7\u00e3o de Dados Pessoais (LGPD).<\/p>\n<p>Importante ressaltar que pais, m\u00e3es ou respons\u00e1veis legais poder\u00e3o exercer os direitos em nome de crian\u00e7as ou de adolescentes, nos termos da legisla\u00e7\u00e3o aplic\u00e1vel.<\/p><\/div>\n\t\t\t\t<\/div>\n\t\t\t\t\t\t\t<div class=\"elementor-accordion-item\">\n\t\t\t\t\t<div id=\"elementor-tab-title-2382\" class=\"elementor-tab-title\" data-tab=\"2\" role=\"tab\" aria-controls=\"elementor-tab-content-2382\" aria-expanded=\"false\">\n\t\t\t\t\t\t\t\t\t\t\t\t\t<span class=\"elementor-accordion-icon elementor-accordion-icon-left\" aria-hidden=\"true\">\n\t\t\t\t\t\t\t\t\t\t\t\t\t\t\t<span class=\"elementor-accordion-icon-closed\"><i class=\"fas fa-plus\"><\/i><\/span>\n\t\t\t\t\t\t\t\t<span class=\"elementor-accordion-icon-opened\"><i class=\"fas fa-minus\"><\/i><\/span>\n\t\t\t\t\t\t\t\t\t\t\t\t\t\t<\/span>\n\t\t\t\t\t\t\t\t\t\t\t\t<a class=\"elementor-accordion-title\" href=\"\">2.\tQuais s\u00e3o os seus Direitos?<\/a>\n\t\t\t\t\t<\/div>\n\t\t\t\t\t<div id=\"elementor-tab-content-2382\" class=\"elementor-tab-content elementor-clearfix\" data-tab=\"2\" role=\"tabpanel\" aria-labelledby=\"elementor-tab-title-2382\"><ul>\n<li><strong>Confirma\u00e7\u00e3o da exist\u00eancia de tratamento:<\/strong> permite a requisi\u00e7\u00e3o e o recebimento da confirma\u00e7\u00e3o de coleta, armazenamento, compartilhamento ou qualquer tipo de Tratamento a partir dos Dados Pessoais fornecidos.<\/li>\n<li><strong>Acesso aos dados pessoais:<\/strong> permite a requisi\u00e7\u00e3o e o recebimento de uma c\u00f3pia gratuita, em formato acess\u00edvel, dos Dados Pessoais tratados por n\u00f3s.<\/li>\n<li><strong>Corre\u00e7\u00e3o de dados incompletos, inexatos ou desatualizados:<\/strong> permite a corre\u00e7\u00e3o de incorre\u00e7\u00f5es ou imprecis\u00f5es nos Dados Pessoais fornecidos.<\/li>\n<li><strong>Anonimiza\u00e7\u00e3o, bloqueio ou elimina\u00e7\u00e3o dos Dados Pessoais desnecess\u00e1rios, excessivos ou tratados em desconformidade com a legisla\u00e7\u00e3o:<\/strong> permite que seja requerida a anonimiza\u00e7\u00e3o, o bloqueio ou a elimina\u00e7\u00e3o dos Dados Pessoais da nossa base. Todos os Dados coletados ser\u00e3o anonimizados, bloqueados ou eliminados dos nossos servidores quando assim for poss\u00edvel e requisitado. Todavia, a legisla\u00e7\u00e3o n\u00e3o permite que alguns dados de sa\u00fade sejam descartados, como no caso dos prontu\u00e1rios m\u00e9dicos.<\/li>\n<li><strong>Portabilidade:<\/strong> permite ao titular dos Dados Pessoais ou a terceiro por ele nomeado, obter acesso aos Dados Pessoais que s\u00e3o tratados por n\u00f3s em formato estruturado e interoper\u00e1vel.<\/li>\n<li><strong>Revogar ou n\u00e3o fornecer o consentimento:<\/strong> permite revogar o seu consentimento ou, se for o caso, de n\u00e3o nos fornec\u00ea-lo e ser informado sobre as consequ\u00eancias da negativa. Em alguns casos, \u00e9 poss\u00edvel que da negativa decorra a impossibilidade de lhe prover determinados produtos ou servi\u00e7os.<\/li>\n<li><strong>Oposi\u00e7\u00e3o ao tratamento:<\/strong> permite que o titular se oponha a determinadas finalidades de tratamento de Dados Pessoais, como, por exemplo, o envio de publicidade, <em>newsletter<\/em> ou novas ofertas.<\/li>\n<li><strong>Elimina\u00e7\u00e3o dos Dados Pessoais tratados com consentimento:<\/strong> Caso o titular tenha fornecido o seu consentimento para uma finalidade de Tratamento, poder\u00e1 requisitar a elimina\u00e7\u00e3o dos Dados Pessoais que foram armazenados at\u00e9 ent\u00e3o, salvo aqueles que a Lei determina que sejam guardados.<\/li>\n<\/ul><\/div>\n\t\t\t\t<\/div>\n\t\t\t\t\t\t\t<div class=\"elementor-accordion-item\">\n\t\t\t\t\t<div id=\"elementor-tab-title-2383\" class=\"elementor-tab-title\" data-tab=\"3\" role=\"tab\" aria-controls=\"elementor-tab-content-2383\" aria-expanded=\"false\">\n\t\t\t\t\t\t\t\t\t\t\t\t\t<span class=\"elementor-accordion-icon elementor-accordion-icon-left\" aria-hidden=\"true\">\n\t\t\t\t\t\t\t\t\t\t\t\t\t\t\t<span class=\"elementor-accordion-icon-closed\"><i class=\"fas fa-plus\"><\/i><\/span>\n\t\t\t\t\t\t\t\t<span class=\"elementor-accordion-icon-opened\"><i class=\"fas fa-minus\"><\/i><\/span>\n\t\t\t\t\t\t\t\t\t\t\t\t\t\t<\/span>\n\t\t\t\t\t\t\t\t\t\t\t\t<a class=\"elementor-accordion-title\" href=\"\">3.\tComo a sua requisi\u00e7\u00e3o ser\u00e1 analisada?<\/a>\n\t\t\t\t\t<\/div>\n\t\t\t\t\t<div id=\"elementor-tab-content-2383\" class=\"elementor-tab-content elementor-clearfix\" data-tab=\"3\" role=\"tabpanel\" aria-labelledby=\"elementor-tab-title-2383\"><p>Quando recebermos a sua requisi\u00e7\u00e3o, nosso time de privacidade a analisar\u00e1 e poder\u00e1 responder-lhe de duas maneiras, determinando que:<\/p>\n<ol>\n<li><strong>seu pedido \u00e9 l\u00edcito e leg\u00edtimo, devendo, portanto, ser acatado; ou<\/strong><\/li>\n<li><strong>seu pedido foi negado e, por determinadas raz\u00f5es, n\u00e3o poder\u00e1 ser acatado<\/strong><strong>.<\/strong><\/li>\n<\/ol>\n<p>N\u00e3o se preocupe, pois mesmo em caso de negativa iremos informar os motivos pelos quais seu pedido n\u00e3o foi aprovado. Todas as respostas ser\u00e3o sempre enviadas pelo mesmo meio de comunica\u00e7\u00e3o pelo qual voc\u00ea nos contatou.<\/p>\n<p>Talvez seja necess\u00e1rio solicitar informa\u00e7\u00f5es espec\u00edficas para confirmar sua identidade e garantir a possibilidade de que voc\u00ea possa exercer os seus Direitos. Esta \u00e9 uma medida de seguran\u00e7a para assegurar que os Dados n\u00e3o sejam divulgados a qualquer pessoa que n\u00e3o tenha legitimidade para receb\u00ea-los. Essa medida \u00e9 necess\u00e1ria considerando, sobretudo, a nossa preocupa\u00e7\u00e3o com as informa\u00e7\u00f5es que tratamos.<\/p>\n<p>Caso seu pedido seja aceito, faremos o poss\u00edvel para contatar os nossos fornecedores e parceiros comerciais que podem ter acesso aos seus Dados Pessoais para que eles tamb\u00e9m retifiquem, eliminem ou exer\u00e7am qualquer outro Direito requisitado. No entanto, infelizmente n\u00e3o podemos garantir o real exerc\u00edcio desses Direitos por esses terceiros, que utilizam, divulgam e protegem os Dados Pessoais de acordo com suas respectivas pol\u00edticas.<\/p>\n<p><em>Poderemos armazenar e manter, em forma de registro, um hist\u00f3rico das requisi\u00e7\u00f5es de Direitos que voc\u00ea fez para que possamos, se necess\u00e1rio, apresent\u00e1-lo \u00e0s autoridades competentes como prova de que respondemos os pedidos em tempo h\u00e1bil e da maneira adequada, conforme a legisla\u00e7\u00e3o estabelece.<\/em><\/p><\/div>\n\t\t\t\t<\/div>\n\t\t\t\t\t\t\t<div class=\"elementor-accordion-item\">\n\t\t\t\t\t<div id=\"elementor-tab-title-2384\" class=\"elementor-tab-title\" data-tab=\"4\" role=\"tab\" aria-controls=\"elementor-tab-content-2384\" aria-expanded=\"false\">\n\t\t\t\t\t\t\t\t\t\t\t\t\t<span class=\"elementor-accordion-icon elementor-accordion-icon-left\" aria-hidden=\"true\">\n\t\t\t\t\t\t\t\t\t\t\t\t\t\t\t<span class=\"elementor-accordion-icon-closed\"><i class=\"fas fa-plus\"><\/i><\/span>\n\t\t\t\t\t\t\t\t<span class=\"elementor-accordion-icon-opened\"><i class=\"fas fa-minus\"><\/i><\/span>\n\t\t\t\t\t\t\t\t\t\t\t\t\t\t<\/span>\n\t\t\t\t\t\t\t\t\t\t\t\t<a class=\"elementor-accordion-title\" href=\"\">4.\tEm at\u00e9 quanto tempo responderemos \u00e0 sua requisi\u00e7\u00e3o?<\/a>\n\t\t\t\t\t<\/div>\n\t\t\t\t\t<div id=\"elementor-tab-content-2384\" class=\"elementor-tab-content elementor-clearfix\" data-tab=\"4\" role=\"tabpanel\" aria-labelledby=\"elementor-tab-title-2384\"><p>Recebida a sua requisi\u00e7\u00e3o, o nosso time retornar\u00e1 dentro dos seguintes prazos:<\/p>\n<table width=\"586\">\n<tbody>\n<tr>\n<td width=\"293\">\n<p><strong>DIREITO DO TITULAR<\/strong><\/p>\n<\/td>\n<td width=\"293\">\n<p><strong>PRAZO<\/strong><\/p>\n<\/td>\n<\/tr>\n<tr>\n<td width=\"293\">\n<p>Confirma\u00e7\u00e3o da exist\u00eancia de tratamento<\/p>\n<\/td>\n<td width=\"293\">\n<p>Em at\u00e9 15 dias corridos a partir do recebimento da requisi\u00e7\u00e3o<\/p>\n<\/td>\n<\/tr>\n<tr>\n<td width=\"293\">\n<p>Acesso<\/p>\n<\/td>\n<td width=\"293\">\n<p>Em at\u00e9 15 dias corridos a partir do recebimento da requisi\u00e7\u00e3o<\/p>\n<\/td>\n<\/tr>\n<tr>\n<td width=\"293\">\n<p>Corre\u00e7\u00e3o<\/p>\n<\/td>\n<td width=\"293\">\n<p>Em at\u00e9 15 dias \u00fateis a partir do recebimento da requisi\u00e7\u00e3o<\/p>\n<\/td>\n<\/tr>\n<tr>\n<td width=\"293\">\n<p>Anonimiza\u00e7\u00e3o, bloqueio ou elimina\u00e7\u00e3o<\/p>\n<\/td>\n<td width=\"293\">\n<p>Em at\u00e9 15 dias corridos a partir do recebimento da requisi\u00e7\u00e3o<\/p>\n<\/td>\n<\/tr>\n<tr>\n<td width=\"293\">\n<p>Portabilidade<\/p>\n<\/td>\n<td width=\"293\">\n<p>Em at\u00e9 15 dias corridos a partir do recebimento da requisi\u00e7\u00e3o<\/p>\n<\/td>\n<\/tr>\n<tr>\n<td width=\"293\">\n<p>Revoga\u00e7\u00e3o ou n\u00e3o fornecimento do consentimento<\/p>\n<\/td>\n<td width=\"293\">\n<p>Em at\u00e9 15 dias corridos a partir do recebimento da requisi\u00e7\u00e3o<\/p>\n<\/td>\n<\/tr>\n<tr>\n<td width=\"293\">\n<p>Revis\u00e3o de decis\u00f5es automatizadas<\/p>\n<\/td>\n<td width=\"293\">\n<p>Em at\u00e9 15 dias corridos a partir do recebimento da requisi\u00e7\u00e3o<\/p>\n<\/td>\n<\/tr>\n<tr>\n<td width=\"293\">\n<p>Elimina\u00e7\u00e3o dos Dados tratados com consentimento<\/p>\n<\/td>\n<td width=\"293\">\n<p>Em at\u00e9 15 dias corridos a partir do recebimento da requisi\u00e7\u00e3o<\/p>\n<\/td>\n<\/tr>\n<\/tbody>\n<\/table>\n<p>\u00a0<\/p>\n<p>Caso sejam necess\u00e1rios esclarecimentos ou informa\u00e7\u00f5es complementares sobre o seu pedido, podemos enviar alguns questionamentos para que possamos responder \u00e0 sua requisi\u00e7\u00e3o de maneira satisfat\u00f3ria, de modo que os prazos estar\u00e3o suspensos desde o envio dos nossos questionamentos at\u00e9 o recebimento da sua resposta.<\/p><\/div>\n\t\t\t\t<\/div>\n\t\t\t\t\t\t\t<div class=\"elementor-accordion-item\">\n\t\t\t\t\t<div id=\"elementor-tab-title-2385\" class=\"elementor-tab-title\" data-tab=\"5\" role=\"tab\" aria-controls=\"elementor-tab-content-2385\" aria-expanded=\"false\">\n\t\t\t\t\t\t\t\t\t\t\t\t\t<span class=\"elementor-accordion-icon elementor-accordion-icon-left\" aria-hidden=\"true\">\n\t\t\t\t\t\t\t\t\t\t\t\t\t\t\t<span class=\"elementor-accordion-icon-closed\"><i class=\"fas fa-plus\"><\/i><\/span>\n\t\t\t\t\t\t\t\t<span class=\"elementor-accordion-icon-opened\"><i class=\"fas fa-minus\"><\/i><\/span>\n\t\t\t\t\t\t\t\t\t\t\t\t\t\t<\/span>\n\t\t\t\t\t\t\t\t\t\t\t\t<a class=\"elementor-accordion-title\" href=\"\">5.\tEm quais situa\u00e7\u00f5es poderemos negar o seu Direito?<\/a>\n\t\t\t\t\t<\/div>\n\t\t\t\t\t<div id=\"elementor-tab-content-2385\" class=\"elementor-tab-content elementor-clearfix\" data-tab=\"5\" role=\"tabpanel\" aria-labelledby=\"elementor-tab-title-2385\"><p>Os Direitos dos titulares dos Dados Pessoais n\u00e3o s\u00e3o ilimitados e, por isso, apresentamos abaixo algumas situa\u00e7\u00f5es que podem levar \u00e0 negativa total ou parcial deles:<\/p>\n<ul>\n<li>preserva\u00e7\u00e3o de segredo de neg\u00f3cio e propriedade intelectual;<\/li>\n<li>viola\u00e7\u00e3o de direitos e liberdades de terceiros;<\/li>\n<li>as informa\u00e7\u00f5es est\u00e3o anonimizadas e, portanto, n\u00e3o s\u00e3o Dados Pessoais<\/li>\n<li>obstru\u00e7\u00e3o \u00e0 lei e justi\u00e7a;<\/li>\n<li>os interesses leg\u00edtimos sobrep\u00f5em-se aos do titular dos Dados;<\/li>\n<li>o titular fez requisi\u00e7\u00f5es repetitivas, reiteradas ou excessivas.<\/li>\n<\/ul>\n<p>De toda forma, responderemos \u00e0s requisi\u00e7\u00f5es a tempo e informaremos com clareza sobre os motivos que levaram \u00e0 eventual negativa do pedido.<\/p><\/div>\n\t\t\t\t<\/div>\n\t\t\t\t\t\t\t<div class=\"elementor-accordion-item\">\n\t\t\t\t\t<div id=\"elementor-tab-title-2386\" class=\"elementor-tab-title\" data-tab=\"6\" role=\"tab\" aria-controls=\"elementor-tab-content-2386\" aria-expanded=\"false\">\n\t\t\t\t\t\t\t\t\t\t\t\t\t<span class=\"elementor-accordion-icon elementor-accordion-icon-left\" aria-hidden=\"true\">\n\t\t\t\t\t\t\t\t\t\t\t\t\t\t\t<span class=\"elementor-accordion-icon-closed\"><i class=\"fas fa-plus\"><\/i><\/span>\n\t\t\t\t\t\t\t\t<span class=\"elementor-accordion-icon-opened\"><i class=\"fas fa-minus\"><\/i><\/span>\n\t\t\t\t\t\t\t\t\t\t\t\t\t\t<\/span>\n\t\t\t\t\t\t\t\t\t\t\t\t<a class=\"elementor-accordion-title\" href=\"\">6.\tComo falar com RENATA GOMES ADVOGADOS?<\/a>\n\t\t\t\t\t<\/div>\n\t\t\t\t\t<div id=\"elementor-tab-content-2386\" class=\"elementor-tab-content elementor-clearfix\" data-tab=\"6\" role=\"tabpanel\" aria-labelledby=\"elementor-tab-title-2386\"><p>Caso tenha d\u00favidas, coment\u00e1rios ou sugest\u00f5es relacionados a esta Pol\u00edtica, poder\u00e1 entrar em contato com o time de privacidade pelos seguintes meios:<\/p>\n<p><strong>Endere\u00e7o para correspond\u00eancias:<\/strong> Rua Esc\u00f3cia, n\u00ba 23, bairro Cariru, Ipatinga\/MG, CEP 35160-099.<\/p>\n<p><strong>E-mail para contato<\/strong>: <a href=\"mailto:lgpd@renatagomesadvogados.com.br\">lgpd@renatagomesadvogados.com.br<\/a><\/p><\/div>\n\t\t\t\t<\/div>\n\t\t\t\t\t\t\t<div class=\"elementor-accordion-item\">\n\t\t\t\t\t<div id=\"elementor-tab-title-2387\" class=\"elementor-tab-title\" data-tab=\"7\" role=\"tab\" aria-controls=\"elementor-tab-content-2387\" aria-expanded=\"false\">\n\t\t\t\t\t\t\t\t\t\t\t\t\t<span class=\"elementor-accordion-icon elementor-accordion-icon-left\" aria-hidden=\"true\">\n\t\t\t\t\t\t\t\t\t\t\t\t\t\t\t<span class=\"elementor-accordion-icon-closed\"><i class=\"fas fa-plus\"><\/i><\/span>\n\t\t\t\t\t\t\t\t<span class=\"elementor-accordion-icon-opened\"><i class=\"fas fa-minus\"><\/i><\/span>\n\t\t\t\t\t\t\t\t\t\t\t\t\t\t<\/span>\n\t\t\t\t\t\t\t\t\t\t\t\t<a class=\"elementor-accordion-title\" href=\"\">7.\tMudan\u00e7as na Pol\u00edtica de Direitos <\/a>\n\t\t\t\t\t<\/div>\n\t\t\t\t\t<div id=\"elementor-tab-content-2387\" class=\"elementor-tab-content elementor-clearfix\" data-tab=\"7\" role=\"tabpanel\" aria-labelledby=\"elementor-tab-title-2387\"><p>O escrit\u00f3rio <strong>RENATA GOMES ADVOGADOS<\/strong> est\u00e1 sempre buscando melhorar seus servi\u00e7os, essa Pol\u00edtica de Direitos pode passar por atualiza\u00e7\u00f5es. Desta forma, recomendamos a visita peri\u00f3dica a esta p\u00e1gina para ter conhecimento sobre as modifica\u00e7\u00f5es. Caso sejam feitas altera\u00e7\u00f5es relevantes que necessitem de um novo consentimento, iremos publicar essa atualiza\u00e7\u00e3o e solicitar novo consentimento.<\/p><\/div>\n\t\t\t\t<\/div>\n\t\t\t\t\t\t\t\t<\/div>\n\t\t\t\t<\/div>\n\t\t\t\t<\/div>\n\t\t\t\t<div class=\"elementor-element elementor-element-c703b97 elementor-widget elementor-widget-text-editor\" data-id=\"c703b97\" data-element_type=\"widget\" data-widget_type=\"text-editor.default\">\n\t\t\t\t<div class=\"elementor-widget-container\">\n\t\t\t\t\t\t\t\t<div class=\"elementor-text-editor elementor-clearfix\">\n\t\t\t\t<p><!-- wp:heading --><\/p>\n<p><strong style=\"font-size: inherit; text-align: inherit; background-color: inherit; color: var(--color); font-family: var(--fontFamily); font-style: var(--fontStyle, inherit); letter-spacing: var(--letterSpacing); text-transform: var(--textTransform);\">\u00daltima modifica\u00e7\u00e3o:<\/strong><span style=\"font-size: inherit; text-align: inherit; background-color: inherit; color: var(--color); font-family: var(--fontFamily); font-style: var(--fontStyle, inherit); font-weight: var(--fontWeight); letter-spacing: var(--letterSpacing); text-transform: var(--textTransform);\"> Novembro de 2023.<\/span><\/p>\n<p><!-- \/wp:paragraph --><\/p>\t\t\t\t\t<\/div>\n\t\t\t\t\t\t<\/div>\n\t\t\t\t<\/div>\n\t\t\t\t\t\t<\/div>\n\t\t\t\t\t<\/div>\n\t\t<\/div>\n\t\t\t\t\t\t\t\t<\/div>\n\t\t\t\t\t<\/div>\n\t\t<\/section>\n\t\t\t\t<section class=\"elementor-section elementor-top-section elementor-element elementor-element-7e7d967 elementor-section-boxed elementor-section-height-default elementor-section-height-default\" data-id=\"7e7d967\" data-element_type=\"section\">\n\t\t\t\t\t\t<div class=\"elementor-container elementor-column-gap-default\">\n\t\t\t\t\t\t\t<div class=\"elementor-row\">\n\t\t\t\t\t<div class=\"elementor-column elementor-col-100 elementor-top-column elementor-element elementor-element-970b712\" data-id=\"970b712\" data-element_type=\"column\">\n\t\t\t<div class=\"elementor-column-wrap\">\n\t\t\t\t\t\t\t<div class=\"elementor-widget-wrap\">\n\t\t\t\t\t\t\t\t<\/div>\n\t\t\t\t\t<\/div>\n\t\t<\/div>\n\t\t\t\t\t\t\t\t<\/div>\n\t\t\t\t\t<\/div>\n\t\t<\/section>\n\t\t\t\t\t\t\t\t\t<\/div>\n\t\t\t<\/div>\n\t\t\t\t\t<\/div>","protected":false},"excerpt":{"rendered":"<p>Renata Gomes \u2013 Sociedade Individual de Advocacia, (\u201cRENATA GOMES ADVOGADOS\u201d) tem o compromisso de garantir a transpar\u00eancia nas informa\u00e7\u00f5es (\u201cDados Pessoais\u201d) que trata e, por esse motivo, disponibiliza aos usu\u00e1rios a presente Pol\u00edtica de Direitos do Titular de Dados Pessoais, que deve ser lida em conjunto com a sua Pol\u00edtica de Privacidade. \u00a0 A Lei 13.709\/2018 \u2013 Lei Geral de Prote\u00e7\u00e3o de Dados (\u201cLGPD\u201d) assegura ao titular de Dados Pessoais uma s\u00e9rie de garantias que permitem o controle e algumas prerrogativas sobre os seus Dados Pessoais. A seguir, disponibilizamos informa\u00e7\u00f5es sobre os seus Direitos e como voc\u00ea poder\u00e1 exerc\u00ea-los. 1.\u2026<\/p>","protected":false},"author":3,"featured_media":0,"parent":0,"menu_order":0,"comment_status":"closed","ping_status":"closed","template":"","meta":{"content-type":""},"blocksy_meta":{"styles_descriptor":{"styles":{"desktop":"","tablet":"","mobile":""},"google_fonts":[],"version":5}},"acf":[],"_links":{"self":[{"href":"https:\/\/renatagomesadvogados.com.br\/en\/wp-json\/wp\/v2\/pages\/36367"}],"collection":[{"href":"https:\/\/renatagomesadvogados.com.br\/en\/wp-json\/wp\/v2\/pages"}],"about":[{"href":"https:\/\/renatagomesadvogados.com.br\/en\/wp-json\/wp\/v2\/types\/page"}],"author":[{"embeddable":true,"href":"https:\/\/renatagomesadvogados.com.br\/en\/wp-json\/wp\/v2\/users\/3"}],"replies":[{"embeddable":true,"href":"https:\/\/renatagomesadvogados.com.br\/en\/wp-json\/wp\/v2\/comments?post=36367"}],"version-history":[{"count":16,"href":"https:\/\/renatagomesadvogados.com.br\/en\/wp-json\/wp\/v2\/pages\/36367\/revisions"}],"predecessor-version":[{"id":36384,"href":"https:\/\/renatagomesadvogados.com.br\/en\/wp-json\/wp\/v2\/pages\/36367\/revisions\/36384"}],"wp:attachment":[{"href":"https:\/\/renatagomesadvogados.com.br\/en\/wp-json\/wp\/v2\/media?parent=36367"}],"curies":[{"name":"wp","href":"https:\/\/api.w.org\/{rel}","templated":true}]}}