{"id":36385,"date":"2023-11-09T02:23:48","date_gmt":"2023-11-09T05:23:48","guid":{"rendered":"https:\/\/renatagomesadvogados.com.br\/?page_id=36385"},"modified":"2023-11-09T02:44:42","modified_gmt":"2023-11-09T05:44:42","slug":"formulario-de-pedido-para-acesso-a-informacao","status":"publish","type":"page","link":"https:\/\/renatagomesadvogados.com.br\/en\/formulario-de-pedido-para-acesso-a-informacao\/","title":{"rendered":"Formul\u00e1rio de Pedido para Acesso \u00e0 Informa\u00e7\u00e3o"},"content":{"rendered":"<div data-elementor-type=\"wp-page\" data-elementor-id=\"36385\" class=\"elementor elementor-36385\">\n\t\t\t\t\t\t<div class=\"elementor-inner\">\n\t\t\t\t<div class=\"elementor-section-wrap\">\n\t\t\t\t\t\t\t\t\t<section class=\"elementor-section elementor-top-section elementor-element elementor-element-8277061 elementor-section-boxed elementor-section-height-default elementor-section-height-default\" data-id=\"8277061\" data-element_type=\"section\">\n\t\t\t\t\t\t<div class=\"elementor-container elementor-column-gap-default\">\n\t\t\t\t\t\t\t<div class=\"elementor-row\">\n\t\t\t\t\t<div class=\"elementor-column elementor-col-100 elementor-top-column elementor-element elementor-element-88e2d0d\" data-id=\"88e2d0d\" data-element_type=\"column\">\n\t\t\t<div class=\"elementor-column-wrap elementor-element-populated\">\n\t\t\t\t\t\t\t<div class=\"elementor-widget-wrap\">\n\t\t\t\t\t\t<div class=\"elementor-element elementor-element-d9b6660 elementor-widget elementor-widget-wpforms\" data-id=\"d9b6660\" data-element_type=\"widget\" data-widget_type=\"wpforms.default\">\n\t\t\t\t<div class=\"elementor-widget-container\">\n\t\t\t<div class=\"wpforms-container\" id=\"wpforms-36387\"><form id=\"wpforms-form-36387\" class=\"wpforms-validate wpforms-form wpforms-ajax-form\" data-formid=\"36387\" method=\"post\" enctype=\"multipart\/form-data\" action=\"\/en\/wp-json\/wp\/v2\/pages\/36385\" data-token=\"71a40c12c9626ce46b3c2702791e5dd9\" data-trp-original-action=\"\/en\/wp-json\/wp\/v2\/pages\/36385\"><noscript class=\"wpforms-error-noscript\">Please enable JavaScript in your browser to complete this form.<\/noscript><div class=\"wpforms-field-container\"><div id=\"wpforms-36387-field_0-container\" class=\"wpforms-field wpforms-field-name\" data-field-id=\"0\"><label class=\"wpforms-field-label\" for=\"wpforms-36387-field_0\">Nome <span class=\"wpforms-required-label\">*<\/span><\/label><div class=\"wpforms-field-row wpforms-field-medium\"><div class=\"wpforms-field-row-block wpforms-first wpforms-one-half\"><input type=\"text\" id=\"wpforms-36387-field_0\" class=\"wpforms-field-name-first wpforms-field-required\" name=\"wpforms[fields][0][first]\" required><label for=\"wpforms-36387-field_0\" class=\"wpforms-field-sublabel after\">First<\/label><\/div><div class=\"wpforms-field-row-block wpforms-one-half\"><input type=\"text\" id=\"wpforms-36387-field_0-last\" class=\"wpforms-field-name-last wpforms-field-required\" name=\"wpforms[fields][0][last]\" required><label for=\"wpforms-36387-field_0-last\" class=\"wpforms-field-sublabel after\">Last<\/label><\/div><\/div><\/div><div id=\"wpforms-36387-field_3-container\" class=\"wpforms-field wpforms-field-number\" data-field-id=\"3\"><label class=\"wpforms-field-label\" for=\"wpforms-36387-field_3\">CPF <span class=\"wpforms-required-label\">*<\/span><\/label><input type=\"number\" pattern=\"\\d*\" id=\"wpforms-36387-field_3\" class=\"wpforms-field-medium wpforms-field-required\" name=\"wpforms[fields][3]\" required><\/div><div id=\"wpforms-36387-field_4-container\" class=\"wpforms-field wpforms-field-text\" data-field-id=\"4\"><label class=\"wpforms-field-label\" for=\"wpforms-36387-field_4\">Endere\u00e7o Completo <span class=\"wpforms-required-label\">*<\/span><\/label><input type=\"text\" id=\"wpforms-36387-field_4\" class=\"wpforms-field-medium wpforms-field-required\" name=\"wpforms[fields][4]\" required><\/div><div id=\"wpforms-36387-field_1-container\" class=\"wpforms-field wpforms-field-email\" data-field-id=\"1\"><label class=\"wpforms-field-label\" for=\"wpforms-36387-field_1\">E-mail <span class=\"wpforms-required-label\">*<\/span><\/label><input type=\"email\" id=\"wpforms-36387-field_1\" class=\"wpforms-field-medium wpforms-field-required\" name=\"wpforms[fields][1]\" required><\/div><div id=\"wpforms-36387-field_5-container\" class=\"wpforms-field wpforms-field-radio wpforms-list-3-columns\" data-field-id=\"5\"><ul id=\"wpforms-36387-field_5\" class=\"wpforms-field-required\"><li class=\"choice-1 depth-1\"><input type=\"radio\" id=\"wpforms-36387-field_5_1\" name=\"wpforms[fields][5]\" value=\"Colaborador\" required><label class=\"wpforms-field-label-inline\" for=\"wpforms-36387-field_5_1\">Colaborador<\/label><\/li><li class=\"choice-2 depth-1\"><input type=\"radio\" id=\"wpforms-36387-field_5_2\" name=\"wpforms[fields][5]\" value=\"Ex colaborador\" required><label class=\"wpforms-field-label-inline\" for=\"wpforms-36387-field_5_2\">Ex colaborador<\/label><\/li><li class=\"choice-3 depth-1\"><input type=\"radio\" id=\"wpforms-36387-field_5_3\" name=\"wpforms[fields][5]\" value=\"Candidato\" required><label class=\"wpforms-field-label-inline\" for=\"wpforms-36387-field_5_3\">Candidato<\/label><\/li><li class=\"choice-4 depth-1\"><input type=\"radio\" id=\"wpforms-36387-field_5_4\" name=\"wpforms[fields][5]\" value=\"Terceiro\/Prestador de Servi\u00e7o\" required><label class=\"wpforms-field-label-inline\" for=\"wpforms-36387-field_5_4\">Terceiro\/Prestador de Servi\u00e7o<\/label><\/li><li class=\"choice-5 depth-1\"><input type=\"radio\" id=\"wpforms-36387-field_5_5\" name=\"wpforms[fields][5]\" value=\"Cliente\" required><label class=\"wpforms-field-label-inline\" for=\"wpforms-36387-field_5_5\">Cliente<\/label><\/li><li class=\"choice-6 depth-1\"><input type=\"radio\" id=\"wpforms-36387-field_5_6\" name=\"wpforms[fields][5]\" value=\"Outro (Descrever)\" required><label class=\"wpforms-field-label-inline\" for=\"wpforms-36387-field_5_6\">Outro (Descrever)<\/label><\/li><\/ul><\/div><div id=\"wpforms-36387-field_8-container\" class=\"wpforms-field wpforms-field-number\" data-field-id=\"8\"><label class=\"wpforms-field-label\" for=\"wpforms-36387-field_8\">Telefone (DDD + n\u00famero):<\/label><input type=\"number\" pattern=\"\\d*\" id=\"wpforms-36387-field_8\" class=\"wpforms-field-medium\" name=\"wpforms[fields][8]\" ><\/div><div id=\"wpforms-36387-field_9-container\" class=\"wpforms-field wpforms-field-radio wpforms-list-3-columns\" data-field-id=\"9\"><label class=\"wpforms-field-label\" for=\"wpforms-36387-field_9\">Especifica\u00e7\u00e3o do pedido:<\/label><ul id=\"wpforms-36387-field_9\"><li class=\"choice-1 depth-1\"><input type=\"radio\" id=\"wpforms-36387-field_9_1\" name=\"wpforms[fields][9]\" value=\"Confirma\u00e7\u00e3o da exist\u00eancia de dados\"  ><label class=\"wpforms-field-label-inline\" for=\"wpforms-36387-field_9_1\">Confirma\u00e7\u00e3o da exist\u00eancia de dados<\/label><\/li><li class=\"choice-3 depth-1\"><input type=\"radio\" id=\"wpforms-36387-field_9_3\" name=\"wpforms[fields][9]\" value=\"Retifica\u00e7\u00e3o \u2013 Atualiza\u00e7\u00e3o de dados\"  ><label class=\"wpforms-field-label-inline\" for=\"wpforms-36387-field_9_3\">Retifica\u00e7\u00e3o \u2013 Atualiza\u00e7\u00e3o de dados<\/label><\/li><li class=\"choice-4 depth-1\"><input type=\"radio\" id=\"wpforms-36387-field_9_4\" name=\"wpforms[fields][9]\" value=\"Informa\u00e7\u00f5es de compartilhamento\"  ><label class=\"wpforms-field-label-inline\" for=\"wpforms-36387-field_9_4\">Informa\u00e7\u00f5es de compartilhamento<\/label><\/li><li class=\"choice-5 depth-1\"><input type=\"radio\" id=\"wpforms-36387-field_9_5\" name=\"wpforms[fields][9]\" value=\"Acesso aos dados\"  ><label class=\"wpforms-field-label-inline\" for=\"wpforms-36387-field_9_5\">Acesso aos dados<\/label><\/li><li class=\"choice-6 depth-1\"><input type=\"radio\" id=\"wpforms-36387-field_9_6\" name=\"wpforms[fields][9]\" value=\"Elimina\u00e7\u00e3o de dados\"  ><label class=\"wpforms-field-label-inline\" for=\"wpforms-36387-field_9_6\">Elimina\u00e7\u00e3o de dados<\/label><\/li><li class=\"choice-7 depth-1\"><input type=\"radio\" id=\"wpforms-36387-field_9_7\" name=\"wpforms[fields][9]\" value=\"Oposi\u00e7\u00e3o ao tratamento \"  ><label class=\"wpforms-field-label-inline\" for=\"wpforms-36387-field_9_7\">Oposi\u00e7\u00e3o ao tratamento <\/label><\/li><\/ul><\/div><div id=\"wpforms-36387-field_2-container\" class=\"wpforms-field wpforms-field-textarea\" data-field-id=\"2\"><label class=\"wpforms-field-label\" for=\"wpforms-36387-field_2\">Descri\u00e7\u00e3o da solicita\u00e7\u00e3o:<\/label><textarea id=\"wpforms-36387-field_2\" class=\"wpforms-field-medium\" name=\"wpforms[fields][2]\" ><\/textarea><\/div><\/div><div class=\"wpforms-submit-container\"><input type=\"hidden\" name=\"wpforms[id]\" value=\"36387\"><input type=\"hidden\" name=\"wpforms[author]\" value=\"3\"><button type=\"submit\" name=\"wpforms[submit]\" id=\"wpforms-submit-36387\" class=\"wpforms-submit\" data-alt-text=\"Enviando...\" data-submit-text=\"Enviar\" aria-live=\"assertive\" value=\"wpforms-submit\">Enviar<\/button><img decoding=\"async\" loading=\"lazy\" src=\"https:\/\/renatagomesadvogados.com.br\/wp-content\/plugins\/wpforms-lite\/assets\/images\/submit-spin.svg\" class=\"wpforms-submit-spinner\" style=\"display: none;\" width=\"26\" height=\"26\" alt=\"Loading\"><\/div><input type=\"hidden\" name=\"trp-form-language\" value=\"en\"\/><\/form><\/div>  <!-- .wpforms-container -->\t\t<\/div>\n\t\t\t\t<\/div>\n\t\t\t\t\t\t<\/div>\n\t\t\t\t\t<\/div>\n\t\t<\/div>\n\t\t\t\t\t\t\t\t<\/div>\n\t\t\t\t\t<\/div>\n\t\t<\/section>\n\t\t\t\t<section class=\"elementor-section elementor-top-section elementor-element elementor-element-7e7d967 elementor-section-boxed elementor-section-height-default elementor-section-height-default\" data-id=\"7e7d967\" data-element_type=\"section\">\n\t\t\t\t\t\t<div class=\"elementor-container elementor-column-gap-default\">\n\t\t\t\t\t\t\t<div class=\"elementor-row\">\n\t\t\t\t\t<div class=\"elementor-column elementor-col-100 elementor-top-column elementor-element elementor-element-970b712\" data-id=\"970b712\" data-element_type=\"column\">\n\t\t\t<div class=\"elementor-column-wrap\">\n\t\t\t\t\t\t\t<div class=\"elementor-widget-wrap\">\n\t\t\t\t\t\t\t\t<\/div>\n\t\t\t\t\t<\/div>\n\t\t<\/div>\n\t\t\t\t\t\t\t\t<\/div>\n\t\t\t\t\t<\/div>\n\t\t<\/section>\n\t\t\t\t\t\t\t\t\t<\/div>\n\t\t\t<\/div>\n\t\t\t\t\t<\/div>","protected":false},"excerpt":{"rendered":"","protected":false},"author":3,"featured_media":0,"parent":0,"menu_order":0,"comment_status":"closed","ping_status":"closed","template":"","meta":{"content-type":""},"blocksy_meta":{"styles_descriptor":{"styles":{"desktop":"","tablet":"","mobile":""},"google_fonts":[],"version":5}},"acf":[],"_links":{"self":[{"href":"https:\/\/renatagomesadvogados.com.br\/en\/wp-json\/wp\/v2\/pages\/36385"}],"collection":[{"href":"https:\/\/renatagomesadvogados.com.br\/en\/wp-json\/wp\/v2\/pages"}],"about":[{"href":"https:\/\/renatagomesadvogados.com.br\/en\/wp-json\/wp\/v2\/types\/page"}],"author":[{"embeddable":true,"href":"https:\/\/renatagomesadvogados.com.br\/en\/wp-json\/wp\/v2\/users\/3"}],"replies":[{"embeddable":true,"href":"https:\/\/renatagomesadvogados.com.br\/en\/wp-json\/wp\/v2\/comments?post=36385"}],"version-history":[{"count":4,"href":"https:\/\/renatagomesadvogados.com.br\/en\/wp-json\/wp\/v2\/pages\/36385\/revisions"}],"predecessor-version":[{"id":36395,"href":"https:\/\/renatagomesadvogados.com.br\/en\/wp-json\/wp\/v2\/pages\/36385\/revisions\/36395"}],"wp:attachment":[{"href":"https:\/\/renatagomesadvogados.com.br\/en\/wp-json\/wp\/v2\/media?parent=36385"}],"curies":[{"name":"wp","href":"https:\/\/api.w.org\/{rel}","templated":true}]}}